{"id":1011,"date":"2015-08-05T12:40:31","date_gmt":"2015-08-05T10:40:31","guid":{"rendered":"http:\/\/syllasebaste.com\/das-unternehmen\/"},"modified":"2021-03-16T07:27:51","modified_gmt":"2021-03-16T06:27:51","slug":"das-unternehmen","status":"publish","type":"page","link":"https:\/\/syllasebaste.com\/de\/das-unternehmen\/","title":{"rendered":"Das Unternehmen"},"content":{"rendered":"<p>Das Weingut Sylla Sebaste befindet sich in wundersch\u00f6ner Lage in der Gemeinde Barolo im Ortsteil Vergne auf einem Gebirgsr\u00fccken, der sich sanft von Novello bis La Morra zieht, und produziert dort seit rund zwanzig Jahren klassische Weine des Piemont in feinster Qualit\u00e4t.<\/p>\n<p>Die Weinkellerei wurde direkt auf der Kuppe des H\u00fcgels \u00abSan Pietro delle Viole\u00bb errichtet, von wo aus man nicht nur eine herrliche Aussicht auf die umliegenden Weinberge genie\u00dfen kann, sondern sich auch an einem Punkt befindet, der den gesamten Teil der Langhe um die Stadt Alba \u00fcberthront. Das Logo des Weinguts wurde im Laufe der Jahre aus der dem Anwesen genau gegen\u00fcberliegenden Kapelle aus dem 14. Jh. entwickelt, der wundervollen \u00abCappella di San Pietro delle Viole\u00bb.<\/p>\n<figure id=\"image_5970\" class=\"image_styled\" style=\"width:622px\">\n\t\t<div class=\"image_frame effect-icon\"><div class=\"image_shadow_wrap\">\n\t\t<a data-fittoview=\"true\" class=\"image_size_medium image_icon_zoom lightbox\" title=\"\" href=\"https:\/\/syllasebaste.com\/files\/2011\/12\/DSC_0317-1-web.jpg\"><img decoding=\"async\" class=\"image-frame\" style = \" height:150px;\" alt=\"\" src=\"https:\/\/syllasebaste.com\/files\/strikingr\/images\/24_DSC_0317-1-web-620x150.jpg\" srcset=\"https:\/\/syllasebaste.com\/files\/strikingr\/images\/24_DSC_0317-1-web-620x150@2x.jpg 2x\" data-theme-retina-image=\"true\"  data-thumbnail=\"24\" data-thumbnail-class=\"IjI0Ig==\" width=\"622\" height=\"150\" \/><\/a>\n\t\t<\/div><\/div><\/figure>\n<p>Das Unternehmen befindet sich im Besitz der Familie Merlo und wird heute mit gro\u00dfer Leidenschaft vom jungen Gesch\u00e4ftsinhaber Fabrizio Merlo geleitet, der bei seinen T\u00e4tigkeiten auf die hilfreiche Unterst\u00fctzung von Dr. Luca Caramellino z\u00e4hlen kann.<\/p>\n<h3>Die Weinproduktion<\/h3>\n<p>Das sieben Hektar gro\u00dfe Anwesen liegt vollst\u00e4ndig in der Gemeinde Barolo, genau gesagt in ihren sch\u00f6nen Ortsteilen Bussia und Bricco Viole. Auf der gesamten Weinbaufl\u00e4che werden ausschlie\u00dflich traditionelle Rebsorten wie Nebbiolo, Dolcetto, Barbera und Freisa angebaut.<\/p>\n<p>Dank der g\u00fcnstigen Lage der Weinberge und innovativer Techniken, sowohl beim Anbau als auch in der Weinkellerei selbst, kann das Unternehmen heute rund 70.000 edle Flaschen Wein mit sehr urspr\u00fcnglichem Charakter produzieren. Der Geschichte der Weinkultur und der Weintradition des Anbaugebiets werden dabei stets gr\u00f6\u00dfte Bedeutung beigemessen.<\/p>\n<p>Da bei Sylla Sebaste in jedem Produktionsschritt sehr stark auf Qualit\u00e4t geachtet wird, kann die Weinkellerei heute au\u00dfergew\u00f6hnliche Produkte anbieten, die an den modernen Lebensstil angepasst sind, gleichzeitig aber auch immer st\u00e4rker dem Firmenlogo in Form der stilisierten \u00abCappella di San Pietro delle Viole\u00bb entsprechen, einem Sinnbild f\u00fcr Qualit\u00e4t f\u00fcr alle Liebhaber hochwertiger Weine.<\/p>\n<h3>Die Weinkellerei<\/h3>\n<p>Im Jahre 2004 wurden die im Rahmen des Besitzwechsels begonnenen strukturellen und funktionellen Renovierungsarbeiten beendet.<\/p>\n<p>Die zur Verarbeitung und zum Reifen des Weines eingesetzten Bereiche wurden vollst\u00e4ndig in einen neuen, unterirdischen Komplex verlegt, der unter strengster Beachtung der atmosph\u00e4rischen Bedingungen erbaut wurde.<\/p>\n<figure id=\"image_8540\" class=\"image_styled\" style=\"width:622px\">\n\t\t<div class=\"image_frame effect-icon\"><div class=\"image_shadow_wrap\">\n\t\t<a data-fittoview=\"true\" class=\"image_size_medium image_icon_zoom lightbox\" title=\"\" href=\"https:\/\/syllasebaste.com\/files\/2011\/12\/DSC_0311-1-web.jpg\"><img decoding=\"async\" class=\"image-frame\" style = \" height:150px;\" alt=\"\" src=\"https:\/\/syllasebaste.com\/files\/strikingr\/images\/23_DSC_0311-1-web-620x150.jpg\" srcset=\"https:\/\/syllasebaste.com\/files\/strikingr\/images\/23_DSC_0311-1-web-620x150@2x.jpg 2x\" data-theme-retina-image=\"true\"  data-thumbnail=\"23\" data-thumbnail-class=\"IjIzIg==\" width=\"622\" height=\"150\" \/><\/a>\n\t\t<\/div><\/div><\/figure>\n<p>Dadurch konnten einerseits das Raumklima verbessert und die jahreszeitlich bedingten Temperaturschwankungen auf ein Minimum reduziert werden, andererseits wurde dadurch auch der Abf\u00fcllungs- und Verpackungsbereich vergr\u00f6\u00dfert sowie die Lagerfl\u00e4che reifender Flaschen erweitert.<\/p>\n<p><strong>Jahr der Unternehmensgr\u00fcndung:<\/strong> 1985<br \/>\n<strong>Produktion:<\/strong> etwa 70.000 Flaschen pro Jahr<br \/>\n<strong>Zugeh\u00f6rige Anbaufl\u00e4che in Hektar:<\/strong> 7<br \/>\n<strong>Inhaber:<\/strong> Fabrizio Merlo<br \/>\n<strong>Verantwortlicher \u00d6nologe:<\/strong> Claudio Francesco Dacasto<br \/>\n<strong>Verantwortlicher Agronom:<\/strong> Dr. Franco Domenico<br \/>\n<strong>\u00d6ffentlichkeitsarbeit:<\/strong> Fabrizio Merlo<\/p>\n\n\t\t\t<div id='gallery-1011-7960-1' class='gallery gallery-1011-7960-1'>\n\t\t\t\t\t<dl class='gallery-item col-5'>\n\t\t\t\t\t\t<dt class='gallery-icon gallery_image_1'><a href=\"https:\/\/syllasebaste.com\/files\/2011\/12\/DSC_0311-1-web.jpg\" class=\"lightbox image_icon_zoom gallery-image-wrap\" title=\"\" rel=\"image-gallery-group-1011-762\" alt=\"\" data-fittoview=\"true\"><img decoding=\"async\" src=\"https:\/\/syllasebaste.com\/files\/strikingr\/images\/706_DSC_0311-1-web-220x150.jpg\" alt=\"\" class=\"gallery-image theme-gallery-image attachment-small\" width =\"220\" height =\"150\"  data-thumbnail=\"706\"  data-thumbnail-class=\"NzA2\"\/><\/a><\/dt>\n\t\t\t\t\t<\/dl>\n\t\t\t\t\t<dl class='gallery-item col-5'>\n\t\t\t\t\t\t<dt class='gallery-icon gallery_image_2'><a href=\"https:\/\/syllasebaste.com\/files\/2011\/12\/DSC_0281-1-web.jpg\" class=\"lightbox image_icon_zoom gallery-image-wrap\" title=\"\" rel=\"image-gallery-group-1011-762\" alt=\"\" data-fittoview=\"true\"><img decoding=\"async\" src=\"https:\/\/syllasebaste.com\/files\/strikingr\/images\/1027_DSC_0281-1-web-220x150.jpg\" alt=\"DSC_0281-1-web\" class=\"gallery-image theme-gallery-image attachment-small\" width =\"220\" height =\"150\"  data-thumbnail=\"1027\"  data-thumbnail-class=\"MTAyNw==\"\/><\/a><\/dt>\n\t\t\t\t\t<\/dl>\n\t\t\t\t\t<dl class='gallery-item col-5'>\n\t\t\t\t\t\t<dt class='gallery-icon gallery_image_3'><a href=\"https:\/\/syllasebaste.com\/files\/2011\/12\/DSC_0282-1-web.jpg\" class=\"lightbox image_icon_zoom gallery-image-wrap\" title=\"\" rel=\"image-gallery-group-1011-762\" alt=\"\" data-fittoview=\"true\"><img decoding=\"async\" src=\"https:\/\/syllasebaste.com\/files\/strikingr\/images\/1028_DSC_0282-1-web-220x150.jpg\" alt=\"DSC_0282-1-web\" class=\"gallery-image theme-gallery-image attachment-small\" width =\"220\" height =\"150\"  data-thumbnail=\"1028\"  data-thumbnail-class=\"MTAyOA==\"\/><\/a><\/dt>\n\t\t\t\t\t<\/dl>\n\t\t\t\t\t<dl class='gallery-item col-5'>\n\t\t\t\t\t\t<dt class='gallery-icon gallery_image_4'><a href=\"https:\/\/syllasebaste.com\/files\/2011\/12\/DSC_0288-1-web.jpg\" class=\"lightbox image_icon_zoom gallery-image-wrap\" title=\"\" rel=\"image-gallery-group-1011-762\" alt=\"\" data-fittoview=\"true\"><img decoding=\"async\" src=\"https:\/\/syllasebaste.com\/files\/strikingr\/images\/1029_DSC_0288-1-web-220x150.jpg\" alt=\"DSC_0288-1-web\" class=\"gallery-image theme-gallery-image attachment-small\" width =\"220\" height =\"150\"  data-thumbnail=\"1029\"  data-thumbnail-class=\"MTAyOQ==\"\/><\/a><\/dt>\n\t\t\t\t\t<\/dl>\n\t\t\t\t\t<dl class='gallery-item col-5'>\n\t\t\t\t\t\t<dt class='gallery-icon gallery_image_5'><a href=\"https:\/\/syllasebaste.com\/files\/2011\/12\/DSC_0292-1-web.jpg\" class=\"lightbox image_icon_zoom gallery-image-wrap\" title=\"\" rel=\"image-gallery-group-1011-762\" alt=\"\" data-fittoview=\"true\"><img decoding=\"async\" src=\"https:\/\/syllasebaste.com\/files\/strikingr\/images\/1030_DSC_0292-1-web-220x150.jpg\" alt=\"DSC_0292-1-web\" class=\"gallery-image theme-gallery-image attachment-small\" width =\"220\" height =\"150\"  data-thumbnail=\"1030\"  data-thumbnail-class=\"MTAzMA==\"\/><\/a><\/dt>\n\t\t\t\t\t<\/dl>\n\t\t\t\t\t<dl class='gallery-item col-5'>\n\t\t\t\t\t\t<dt class='gallery-icon gallery_image_6'><a href=\"https:\/\/syllasebaste.com\/files\/2011\/12\/DSC_0297-1-web.jpg\" class=\"lightbox image_icon_zoom gallery-image-wrap\" title=\"\" rel=\"image-gallery-group-1011-762\" alt=\"\" data-fittoview=\"true\"><img decoding=\"async\" src=\"https:\/\/syllasebaste.com\/files\/strikingr\/images\/1031_DSC_0297-1-web-220x150.jpg\" alt=\"DSC_0297-1-web\" class=\"gallery-image theme-gallery-image attachment-small\" width =\"220\" height =\"150\"  data-thumbnail=\"1031\"  data-thumbnail-class=\"MTAzMQ==\"\/><\/a><\/dt>\n\t\t\t\t\t<\/dl>\n\t\t\t\t\t<dl class='gallery-item col-5'>\n\t\t\t\t\t\t<dt class='gallery-icon gallery_image_7'><a href=\"https:\/\/syllasebaste.com\/files\/2011\/12\/DSC_0299-1-web.jpg\" class=\"lightbox image_icon_zoom gallery-image-wrap\" title=\"\" rel=\"image-gallery-group-1011-762\" alt=\"\" data-fittoview=\"true\"><img decoding=\"async\" src=\"https:\/\/syllasebaste.com\/files\/strikingr\/images\/1032_DSC_0299-1-web-220x150.jpg\" alt=\"DSC_0299-1-web\" class=\"gallery-image theme-gallery-image attachment-small\" width =\"220\" height =\"150\"  data-thumbnail=\"1032\"  data-thumbnail-class=\"MTAzMg==\"\/><\/a><\/dt>\n\t\t\t\t\t<\/dl>\n\t\t\t\t\t<dl class='gallery-item col-5'>\n\t\t\t\t\t\t<dt class='gallery-icon gallery_image_8'><a href=\"https:\/\/syllasebaste.com\/files\/2011\/12\/DSC_0302-1-web.jpg\" class=\"lightbox image_icon_zoom gallery-image-wrap\" title=\"\" rel=\"image-gallery-group-1011-762\" alt=\"\" data-fittoview=\"true\"><img decoding=\"async\" src=\"https:\/\/syllasebaste.com\/files\/strikingr\/images\/1033_DSC_0302-1-web-220x150.jpg\" alt=\"DSC_0302-1-web\" class=\"gallery-image theme-gallery-image attachment-small\" width =\"220\" height =\"150\"  data-thumbnail=\"1033\"  data-thumbnail-class=\"MTAzMw==\"\/><\/a><\/dt>\n\t\t\t\t\t<\/dl>\n\t\t\t\t\t<dl class='gallery-item col-5'>\n\t\t\t\t\t\t<dt class='gallery-icon gallery_image_9'><a href=\"https:\/\/syllasebaste.com\/files\/2011\/12\/DSC_0305-1web.jpg\" class=\"lightbox image_icon_zoom gallery-image-wrap\" title=\"\" rel=\"image-gallery-group-1011-762\" alt=\"\" data-fittoview=\"true\"><img decoding=\"async\" src=\"https:\/\/syllasebaste.com\/files\/strikingr\/images\/1034_DSC_0305-1web-220x150.jpg\" alt=\"DSC_0305-1web\" class=\"gallery-image theme-gallery-image attachment-small\" width =\"220\" height =\"150\"  data-thumbnail=\"1034\"  data-thumbnail-class=\"MTAzNA==\"\/><\/a><\/dt>\n\t\t\t\t\t<\/dl>\n\t\t\t\t\t<dl class='gallery-item col-5'>\n\t\t\t\t\t\t<dt class='gallery-icon gallery_image_10'><a href=\"https:\/\/syllasebaste.com\/files\/2011\/12\/DSC_0317-1-web.jpg\" class=\"lightbox image_icon_zoom gallery-image-wrap\" title=\"\" rel=\"image-gallery-group-1011-762\" alt=\"\" data-fittoview=\"true\"><img decoding=\"async\" src=\"https:\/\/syllasebaste.com\/files\/strikingr\/images\/1035_DSC_0317-1-web-220x150.jpg\" alt=\"DSC_0317-1-web\" class=\"gallery-image theme-gallery-image attachment-small\" width =\"220\" height =\"150\"  data-thumbnail=\"1035\"  data-thumbnail-class=\"MTAzNQ==\"\/><\/a><\/dt>\n\t\t\t\t\t<\/dl>\n\t\t\t\t\t<dl class='gallery-item col-5'>\n\t\t\t\t\t\t<dt class='gallery-icon gallery_image_11'><a href=\"https:\/\/syllasebaste.com\/files\/2011\/12\/DSC_0318-1-web.jpg\" class=\"lightbox image_icon_zoom gallery-image-wrap\" title=\"\" rel=\"image-gallery-group-1011-762\" alt=\"\" data-fittoview=\"true\"><img decoding=\"async\" src=\"https:\/\/syllasebaste.com\/files\/strikingr\/images\/1036_DSC_0318-1-web-220x150.jpg\" alt=\"DSC_0318-1-web\" class=\"gallery-image theme-gallery-image attachment-small\" width =\"220\" height =\"150\"  data-thumbnail=\"1036\"  data-thumbnail-class=\"MTAzNg==\"\/><\/a><\/dt>\n\t\t\t\t\t<\/dl>\n\t\t\t\t\t<dl class='gallery-item col-5'>\n\t\t\t\t\t\t<dt class='gallery-icon gallery_image_12'><a href=\"https:\/\/syllasebaste.com\/files\/2011\/12\/DSC_0319-1-web.jpg\" class=\"lightbox image_icon_zoom gallery-image-wrap\" title=\"\" rel=\"image-gallery-group-1011-762\" alt=\"\" data-fittoview=\"true\"><img decoding=\"async\" src=\"https:\/\/syllasebaste.com\/files\/strikingr\/images\/1037_DSC_0319-1-web-220x150.jpg\" alt=\"DSC_0319-1-web\" class=\"gallery-image theme-gallery-image attachment-small\" width =\"220\" height =\"150\"  data-thumbnail=\"1037\"  data-thumbnail-class=\"MTAzNw==\"\/><\/a><\/dt>\n\t\t\t\t\t<\/dl>\n\t\t\t\t\t<dl class='gallery-item col-5'>\n\t\t\t\t\t\t<dt class='gallery-icon gallery_image_13'><a href=\"https:\/\/syllasebaste.com\/files\/2011\/12\/DSC_0320-1-web.jpg\" class=\"lightbox image_icon_zoom gallery-image-wrap\" title=\"\" rel=\"image-gallery-group-1011-762\" alt=\"\" data-fittoview=\"true\"><img decoding=\"async\" src=\"https:\/\/syllasebaste.com\/files\/strikingr\/images\/1038_DSC_0320-1-web-220x150.jpg\" alt=\"DSC_0320-1-web\" class=\"gallery-image theme-gallery-image attachment-small\" width =\"220\" height =\"150\"  data-thumbnail=\"1038\"  data-thumbnail-class=\"MTAzOA==\"\/><\/a><\/dt>\n\t\t\t\t\t<\/dl>\n\t\t\t<\/div><!-- .gallery -->\n\n","protected":false},"excerpt":{"rendered":"<p>Das Weingut Sylla Sebaste befindet sich in wundersch\u00f6ner Lage in der Gemeinde Barolo im Ortsteil Vergne auf einem Gebirgsr\u00fccken, der sich sanft von Novello bis La Morra zieht, und produziert dort seit rund zwanzig Jahren klassische Weine des Piemont in feinster Qualit\u00e4t. Die Weinkellerei wurde direkt auf der Kuppe des H\u00fcgels \u00abSan Pietro delle Viole\u00bb &#8230;<\/p>\n","protected":false},"author":159,"featured_media":0,"parent":0,"menu_order":1,"comment_status":"open","ping_status":"closed","template":"","meta":{"_monsterinsights_skip_tracking":false,"_monsterinsights_sitenote_active":false,"_monsterinsights_sitenote_note":"","_monsterinsights_sitenote_category":0,"footnotes":""},"class_list":["post-1011","page","type-page","status-publish","hentry"],"yoast_head":"<!-- This site is optimized with the Yoast SEO plugin v27.2 - https:\/\/yoast.com\/product\/yoast-seo-wordpress\/ -->\n<title>Das Unternehmen | Sylla Sebaste | Weinproduzent in Barolo (CN)<\/title>\n<meta name=\"description\" content=\"Das Weingut Sylla Sebaste befindet sich in wundersch\u00f6ner Lage in der Gemeinde Barolo im Ortsteil Vergne auf einem Gebirgsr\u00fccken, der sich sanft von\" \/>\n<meta name=\"robots\" content=\"index, follow, max-snippet:-1, max-image-preview:large, max-video-preview:-1\" \/>\n<link rel=\"canonical\" href=\"https:\/\/syllasebaste.com\/de\/das-unternehmen\/\" \/>\n<meta property=\"og:locale\" content=\"de_DE\" \/>\n<meta property=\"og:type\" content=\"article\" \/>\n<meta property=\"og:title\" content=\"Das Unternehmen | Sylla Sebaste | Weinproduzent in Barolo (CN)\" \/>\n<meta property=\"og:description\" content=\"Das Weingut Sylla Sebaste befindet sich in wundersch\u00f6ner Lage in der Gemeinde Barolo im Ortsteil Vergne auf einem Gebirgsr\u00fccken, der sich sanft von\" \/>\n<meta property=\"og:url\" content=\"https:\/\/syllasebaste.com\/de\/das-unternehmen\/\" \/>\n<meta property=\"og:site_name\" content=\"Sylla Sebaste\" \/>\n<meta property=\"article:modified_time\" content=\"2021-03-16T06:27:51+00:00\" \/>\n<meta property=\"og:image\" content=\"https:\/\/syllasebaste.com\/files\/strikingr\/images\/706_DSC_0311-1-web-220x150.jpg\" \/>\n<meta name=\"twitter:label1\" content=\"Gesch\u00e4tzte Lesezeit\" \/>\n\t<meta name=\"twitter:data1\" content=\"2\u00a0Minuten\" \/>\n<script type=\"application\/ld+json\" class=\"yoast-schema-graph\">{\"@context\":\"https:\/\/schema.org\",\"@graph\":[{\"@type\":\"WebPage\",\"@id\":\"https:\/\/syllasebaste.com\/de\/das-unternehmen\/\",\"url\":\"https:\/\/syllasebaste.com\/de\/das-unternehmen\/\",\"name\":\"Das Unternehmen | Sylla Sebaste | Weinproduzent in Barolo (CN)\",\"isPartOf\":{\"@id\":\"https:\/\/syllasebaste.com\/#website\"},\"datePublished\":\"2015-08-05T10:40:31+00:00\",\"dateModified\":\"2021-03-16T06:27:51+00:00\",\"description\":\"Das Weingut Sylla Sebaste befindet sich in wundersch\u00f6ner Lage in der Gemeinde Barolo im Ortsteil Vergne auf einem Gebirgsr\u00fccken, der sich sanft von\",\"inLanguage\":\"de\",\"potentialAction\":[{\"@type\":\"ReadAction\",\"target\":[\"https:\/\/syllasebaste.com\/de\/das-unternehmen\/\"]}]},{\"@type\":\"WebSite\",\"@id\":\"https:\/\/syllasebaste.com\/#website\",\"url\":\"https:\/\/syllasebaste.com\/\",\"name\":\"Sylla Sebaste\",\"description\":\"Weinproduzent in Barolo (CN)\",\"potentialAction\":[{\"@type\":\"SearchAction\",\"target\":{\"@type\":\"EntryPoint\",\"urlTemplate\":\"https:\/\/syllasebaste.com\/?s={search_term_string}\"},\"query-input\":{\"@type\":\"PropertyValueSpecification\",\"valueRequired\":true,\"valueName\":\"search_term_string\"}}],\"inLanguage\":\"de\"}]}<\/script>\n<!-- \/ Yoast SEO plugin. -->","yoast_head_json":{"title":"Das Unternehmen | Sylla Sebaste | Weinproduzent in Barolo (CN)","description":"Das Weingut Sylla Sebaste befindet sich in wundersch\u00f6ner Lage in der Gemeinde Barolo im Ortsteil Vergne auf einem Gebirgsr\u00fccken, der sich sanft von","robots":{"index":"index","follow":"follow","max-snippet":"max-snippet:-1","max-image-preview":"max-image-preview:large","max-video-preview":"max-video-preview:-1"},"canonical":"https:\/\/syllasebaste.com\/de\/das-unternehmen\/","og_locale":"de_DE","og_type":"article","og_title":"Das Unternehmen | Sylla Sebaste | Weinproduzent in Barolo (CN)","og_description":"Das Weingut Sylla Sebaste befindet sich in wundersch\u00f6ner Lage in der Gemeinde Barolo im Ortsteil Vergne auf einem Gebirgsr\u00fccken, der sich sanft von","og_url":"https:\/\/syllasebaste.com\/de\/das-unternehmen\/","og_site_name":"Sylla Sebaste","article_modified_time":"2021-03-16T06:27:51+00:00","og_image":[{"url":"https:\/\/syllasebaste.com\/files\/strikingr\/images\/706_DSC_0311-1-web-220x150.jpg","type":"","width":"","height":""}],"twitter_misc":{"Gesch\u00e4tzte Lesezeit":"2\u00a0Minuten"},"schema":{"@context":"https:\/\/schema.org","@graph":[{"@type":"WebPage","@id":"https:\/\/syllasebaste.com\/de\/das-unternehmen\/","url":"https:\/\/syllasebaste.com\/de\/das-unternehmen\/","name":"Das Unternehmen | Sylla Sebaste | Weinproduzent in Barolo (CN)","isPartOf":{"@id":"https:\/\/syllasebaste.com\/#website"},"datePublished":"2015-08-05T10:40:31+00:00","dateModified":"2021-03-16T06:27:51+00:00","description":"Das Weingut Sylla Sebaste befindet sich in wundersch\u00f6ner Lage in der Gemeinde Barolo im Ortsteil Vergne auf einem Gebirgsr\u00fccken, der sich sanft von","inLanguage":"de","potentialAction":[{"@type":"ReadAction","target":["https:\/\/syllasebaste.com\/de\/das-unternehmen\/"]}]},{"@type":"WebSite","@id":"https:\/\/syllasebaste.com\/#website","url":"https:\/\/syllasebaste.com\/","name":"Sylla Sebaste","description":"Weinproduzent in Barolo (CN)","potentialAction":[{"@type":"SearchAction","target":{"@type":"EntryPoint","urlTemplate":"https:\/\/syllasebaste.com\/?s={search_term_string}"},"query-input":{"@type":"PropertyValueSpecification","valueRequired":true,"valueName":"search_term_string"}}],"inLanguage":"de"}]}},"_links":{"self":[{"href":"https:\/\/syllasebaste.com\/de\/wp-json\/wp\/v2\/pages\/1011","targetHints":{"allow":["GET"]}}],"collection":[{"href":"https:\/\/syllasebaste.com\/de\/wp-json\/wp\/v2\/pages"}],"about":[{"href":"https:\/\/syllasebaste.com\/de\/wp-json\/wp\/v2\/types\/page"}],"author":[{"embeddable":true,"href":"https:\/\/syllasebaste.com\/de\/wp-json\/wp\/v2\/users\/159"}],"replies":[{"embeddable":true,"href":"https:\/\/syllasebaste.com\/de\/wp-json\/wp\/v2\/comments?post=1011"}],"version-history":[{"count":0,"href":"https:\/\/syllasebaste.com\/de\/wp-json\/wp\/v2\/pages\/1011\/revisions"}],"wp:attachment":[{"href":"https:\/\/syllasebaste.com\/de\/wp-json\/wp\/v2\/media?parent=1011"}],"curies":[{"name":"wp","href":"https:\/\/api.w.org\/{rel}","templated":true}]}}